{"id":107,"date":"2022-11-24T08:03:22","date_gmt":"2022-11-24T07:03:22","guid":{"rendered":"https:\/\/elektron.no\/?page_id=107"},"modified":"2022-11-24T09:42:33","modified_gmt":"2022-11-24T08:42:33","slug":"radiosamband","status":"publish","type":"page","link":"https:\/\/elektron.no\/?page_id=107","title":{"rendered":"Radiosamband"},"content":{"rendered":"<div class=\"wp-block-image\">\n<figure class=\"alignright size-large is-resized\"><img loading=\"lazy\" decoding=\"async\" src=\"http:\/\/elektron.no\/wp-content\/uploads\/2022\/11\/Radioer-768x1024.jpg\" alt=\"\" class=\"wp-image-115\" width=\"203\" height=\"270\" srcset=\"https:\/\/elektron.no\/wp-content\/uploads\/2022\/11\/Radioer-768x1024.jpg 768w, https:\/\/elektron.no\/wp-content\/uploads\/2022\/11\/Radioer-225x300.jpg 225w, https:\/\/elektron.no\/wp-content\/uploads\/2022\/11\/Radioer-1152x1536.jpg 1152w, https:\/\/elektron.no\/wp-content\/uploads\/2022\/11\/Radioer-1536x2048.jpg 1536w, https:\/\/elektron.no\/wp-content\/uploads\/2022\/11\/Radioer-1200x1600.jpg 1200w, https:\/\/elektron.no\/wp-content\/uploads\/2022\/11\/Radioer-scaled.jpg 1920w\" sizes=\"auto, (max-width: 203px) 85vw, 203px\" \/><\/figure>\n<\/div>\n\n\n<p>Ingenting kan erstatte et sambandsnett. Til daglig er det mye mer effektivt enn mobiltelefoner. Trykk og snakk til alle eller til kun en. Den dagen str\u00f8mmen forsvinner eller uv\u00e6ret tar ned data- og telefonlinjer vil det i kritiske timer kun v\u00e6re radiosamband som duger. Om dere er et jaktlag, en kommuneadministrasjon, et alpinsted eller driver et transportfirma er dere alle eksempler p\u00e5 brukere som drar stor nytte av radionett. Idrettslag, vaktselskaper  osv er andre eksempler p\u00e5 brukere. Det er en alvorlig, og dessverre alfor vanlig, misforst\u00e5else at n\u00f8dnettet eller mobiltelefon erstatter kommunale radiosamband. Mange kommuner og bedrifter har derfor faset ut sine radiosamband. Husk en sak&#8230; Den dagen dataforbindelsen er nede vil ogs\u00e5 n\u00f8dnettet v\u00e6re alvorlig degradert eller helt ute av drift. Eksemplene p\u00e5 dette er mange de siste \u00e5rene.<\/p>\n\n\n<div class=\"wp-block-image\">\n<figure class=\"alignright size-large is-resized\"><img loading=\"lazy\" decoding=\"async\" src=\"http:\/\/elektron.no\/wp-content\/uploads\/2022\/11\/Monofon-768x1024.jpg\" alt=\"\" class=\"wp-image-114\" width=\"162\" height=\"216\" srcset=\"https:\/\/elektron.no\/wp-content\/uploads\/2022\/11\/Monofon-768x1024.jpg 768w, https:\/\/elektron.no\/wp-content\/uploads\/2022\/11\/Monofon-225x300.jpg 225w, https:\/\/elektron.no\/wp-content\/uploads\/2022\/11\/Monofon-1152x1536.jpg 1152w, https:\/\/elektron.no\/wp-content\/uploads\/2022\/11\/Monofon-1536x2048.jpg 1536w, https:\/\/elektron.no\/wp-content\/uploads\/2022\/11\/Monofon-1200x1600.jpg 1200w, https:\/\/elektron.no\/wp-content\/uploads\/2022\/11\/Monofon-scaled.jpg 1920w\" sizes=\"auto, (max-width: 162px) 85vw, 162px\" \/><\/figure>\n<\/div>\n\n\n<p>Et radiosamband kan l\u00f8ses p\u00e5 mange m\u00e5ter. Det kan best\u00e5 at noen f\u00e5 radioer som snakker sammen p\u00e5 et lite omr\u00e5de eller det kan best\u00e5 av flere radioer som dekker store geografiske omr\u00e5der ved hjelp av repeatere. Moderne digitalteknologi. Hos Elektron f\u00e5r du hjelp til den l\u00f8sningen du trenger, vi  har lang erfaring og lager gjerne en l\u00f8sning som dekker akkurat ditt behov.<\/p>\n\n\n\n<p>Ett eksempel p\u00e5 enkel bruk er idrettslaget som arrangerer et stevne. Da vil det v\u00e6re n\u00f8dvendig at startteam, tidtagere, dommere og sekretariat kan kommunisere sammen effektivt. Dette kan normalt l\u00f8ses med noen f\u00e5 enkle radioer p\u00e5 samme kanal. Det er viktig \u00e5 skille mellom leket\u00f8y og utstyr for brukere som har behov for at det fungerer hver gang. Egne frekvenser sikrerer at ikke uvedkommende lytter eller forstyrrer.<\/p>\n\n\n<div class=\"wp-block-image\">\n<figure class=\"alignright size-full\"><img loading=\"lazy\" decoding=\"async\" width=\"306\" height=\"206\" src=\"http:\/\/elektron.no\/wp-content\/uploads\/2022\/11\/Repeater-schema.png\" alt=\"\" class=\"wp-image-122\" srcset=\"https:\/\/elektron.no\/wp-content\/uploads\/2022\/11\/Repeater-schema.png 306w, https:\/\/elektron.no\/wp-content\/uploads\/2022\/11\/Repeater-schema-300x202.png 300w\" sizes=\"auto, (max-width: 306px) 85vw, 306px\" \/><\/figure>\n<\/div>\n\n\n<p>Radiosignaler i denne sammenhengen g\u00e5r i rette linjer og kan for eksempel ikke g\u00e5 gjennom fjell eller andre store hindringer. Dersom det er et stort geografisk omr\u00e5de som skal dekkes s\u00e5 benyttes gjerne en eller flere repeatere. Disse plasseres p\u00e5 n\u00f8yaktig utvalgte lokasjoner der sikten til omr\u00e5det en \u00f8nsker dekket er god. En godt plassert repeater p\u00e5 for eksempel dekke store deler av Romerike. Ett repeatersystem kan enten kj\u00f8pes eller en kan leie seg inn p\u00e5 allerede eksisterende l\u00f8sninger.<\/p>\n\n\n<div class=\"wp-block-image\">\n<figure class=\"alignright size-full\"><img loading=\"lazy\" decoding=\"async\" width=\"200\" height=\"144\" src=\"http:\/\/elektron.no\/wp-content\/uploads\/2022\/11\/repeater2-e1669278323747.png\" alt=\"\" class=\"wp-image-127\"\/><\/figure>\n<\/div>\n\n\n<p>Ett godt eksempel der en repeater kommer til god nytte vil v\u00e6re i et alpinanlegg der en har en bakke ned p\u00e5 hver side av ett fjell. Radioer p\u00e5 hver sin side av fjellet vil ikke kunne sende direkte til hverandre. Dette l\u00f8ses sv\u00e6rt enkelt ved \u00e5 plassere en repeater p\u00e5 toppen av skiheisen. Brukerene merker ingen forskjell om de snakker direkte eller via repeateren.<\/p>\n\n\n\n<p>Alt digitaliseres, ogs\u00e5 radiosamband. Med digitale radioer \u00e5pnes en rekke nye muligheter. En kan for eksempel velge \u00e5 opprette en samtale kun mellom 2 enheter, til en gruppe eller en kan snakke til alle radioer samtidig. P\u00e5 denne m\u00e5ten unng\u00e5r en \u00e5 forstyrre de som ikke trenger informasjonen un\u00f8dig.<\/p>\n\n\n\n<p><\/p>\n\r\n","protected":false},"excerpt":{"rendered":"<p>Ingenting kan erstatte et sambandsnett. Til daglig er det mye mer effektivt enn mobiltelefoner. Trykk og snakk til alle eller til kun en. Den dagen str\u00f8mmen forsvinner eller uv\u00e6ret tar ned data- og telefonlinjer vil det i kritiske timer kun v\u00e6re radiosamband som duger. Om dere er et jaktlag, en kommuneadministrasjon, et alpinsted eller driver &hellip; <a href=\"https:\/\/elektron.no\/?page_id=107\" class=\"more-link\">Fortsett \u00e5 lese<span class=\"screen-reader-text\"> \u00abRadiosamband\u00bb<\/span><\/a><\/p>\n","protected":false},"author":7,"featured_media":0,"parent":0,"menu_order":0,"comment_status":"closed","ping_status":"closed","template":"","meta":{"footnotes":""},"class_list":["post-107","page","type-page","status-publish","hentry"],"_links":{"self":[{"href":"https:\/\/elektron.no\/index.php?rest_route=\/wp\/v2\/pages\/107","targetHints":{"allow":["GET"]}}],"collection":[{"href":"https:\/\/elektron.no\/index.php?rest_route=\/wp\/v2\/pages"}],"about":[{"href":"https:\/\/elektron.no\/index.php?rest_route=\/wp\/v2\/types\/page"}],"author":[{"embeddable":true,"href":"https:\/\/elektron.no\/index.php?rest_route=\/wp\/v2\/users\/7"}],"replies":[{"embeddable":true,"href":"https:\/\/elektron.no\/index.php?rest_route=%2Fwp%2Fv2%2Fcomments&post=107"}],"version-history":[{"count":12,"href":"https:\/\/elektron.no\/index.php?rest_route=\/wp\/v2\/pages\/107\/revisions"}],"predecessor-version":[{"id":131,"href":"https:\/\/elektron.no\/index.php?rest_route=\/wp\/v2\/pages\/107\/revisions\/131"}],"wp:attachment":[{"href":"https:\/\/elektron.no\/index.php?rest_route=%2Fwp%2Fv2%2Fmedia&parent=107"}],"curies":[{"name":"wp","href":"https:\/\/api.w.org\/{rel}","templated":true}]}}