{"id":145,"date":"2023-01-27T07:33:16","date_gmt":"2023-01-27T06:33:16","guid":{"rendered":"https:\/\/elektron.no\/?page_id=145"},"modified":"2023-01-27T07:33:16","modified_gmt":"2023-01-27T06:33:16","slug":"refund_returns","status":"publish","type":"page","link":"https:\/\/elektron.no\/?page_id=145","title":{"rendered":"Vilk\u00e5r og returer"},"content":{"rendered":"\n<p><\/p>\n\n\n\n<p>Handler du i v\u00e5r nettbutikk har du som privatperson angrefrist i henhold til loven. Dersom produktet returneres er det du som dekker forsendelsesomkostninger. Produktet m\u00e5 v\u00e6re u\u00e5pnet, ubrukt og ellers fremst\u00e5 p\u00e5 en slik m\u00e5te at vi kan selge dette til en annen kunde.<\/p>\n\n\n\n<p>Dersom det er feil p\u00e5 produktet har du som privatperson 2 \u00e5rs garanti. Noen ganger, om det dreier seg om kurante feil og det ansees hensiktsmessig av oss og kunde, kan garantien inneb\u00e6re utsendelse av ny vare eller reservedel. M\u00e5 varen inn til verksted er det kunden selv som organiserer og bekoster frakt.<\/p>\n\n\n\n<p>Bytte av varer til annet produkt kan avtales i enkelttilfeller men vi har ingen generell bytterettsordning.<\/p>\n\n\n\n<p>Henvendelser kan rettes til support(at)elektron.no<\/p>\n\r\n","protected":false},"excerpt":{"rendered":"<p>Handler du i v\u00e5r nettbutikk har du som privatperson angrefrist i henhold til loven. Dersom produktet returneres er det du som dekker forsendelsesomkostninger. Produktet m\u00e5 v\u00e6re u\u00e5pnet, ubrukt og ellers fremst\u00e5 p\u00e5 en slik m\u00e5te at vi kan selge dette til en annen kunde. Dersom det er feil p\u00e5 produktet har du som privatperson 2 &hellip; <a href=\"https:\/\/elektron.no\/?page_id=145\" class=\"more-link\">Fortsett \u00e5 lese<span class=\"screen-reader-text\"> \u00abVilk\u00e5r og returer\u00bb<\/span><\/a><\/p>\n","protected":false},"author":7,"featured_media":0,"parent":0,"menu_order":0,"comment_status":"closed","ping_status":"closed","template":"","meta":{"footnotes":""},"class_list":["post-145","page","type-page","status-publish","hentry"],"_links":{"self":[{"href":"https:\/\/elektron.no\/index.php?rest_route=\/wp\/v2\/pages\/145","targetHints":{"allow":["GET"]}}],"collection":[{"href":"https:\/\/elektron.no\/index.php?rest_route=\/wp\/v2\/pages"}],"about":[{"href":"https:\/\/elektron.no\/index.php?rest_route=\/wp\/v2\/types\/page"}],"author":[{"embeddable":true,"href":"https:\/\/elektron.no\/index.php?rest_route=\/wp\/v2\/users\/7"}],"replies":[{"embeddable":true,"href":"https:\/\/elektron.no\/index.php?rest_route=%2Fwp%2Fv2%2Fcomments&post=145"}],"version-history":[{"count":1,"href":"https:\/\/elektron.no\/index.php?rest_route=\/wp\/v2\/pages\/145\/revisions"}],"predecessor-version":[{"id":149,"href":"https:\/\/elektron.no\/index.php?rest_route=\/wp\/v2\/pages\/145\/revisions\/149"}],"wp:attachment":[{"href":"https:\/\/elektron.no\/index.php?rest_route=%2Fwp%2Fv2%2Fmedia&parent=145"}],"curies":[{"name":"wp","href":"https:\/\/api.w.org\/{rel}","templated":true}]}}