{"id":38,"date":"2022-04-04T14:59:47","date_gmt":"2022-04-04T13:59:47","guid":{"rendered":"https:\/\/elektron.no\/?page_id=38"},"modified":"2024-11-09T15:56:32","modified_gmt":"2024-11-09T14:56:32","slug":"varmestyring","status":"publish","type":"page","link":"https:\/\/elektron.no\/?page_id=38","title":{"rendered":"Varmestyring"},"content":{"rendered":"\n<p>Str\u00f8m er i ferd med \u00e5 bli den st\u00f8rste kostnaden for mange bedrifter. Til forskjell fra for eksempel l\u00f8nnskostnader er det p\u00e5 str\u00f8m, for veldig mange, mulig \u00e5 treffe enkle tiltak som sparer mye penger. Det snakkes mye om at det m\u00e5 produseres mer gr\u00f8nn energi. Like viktig er det imidlertid \u00e5 ikke sl\u00f8se med den str\u00f8mmen vi produserer!<\/p>\n\n\n\n<p>B\u00e5de overnattingsbedrifter og bedrifter med kontorbygg har truffet tiltak for \u00e5 spare str\u00f8m. De gamle 1-2-3 styrte ovnene er erstattet med termostatstyrte ovner kanskje med nattsenk. Et typisk norsk innlandshotell har ca 30% belegg p\u00e5 \u00e5rsbasis. Det betyr likevel at 7 av 10 rom varmes opp hver eneste morgen helt uten grunn.<\/p>\n\n\n\n<p>Ett hotell brukte 250.000 kroner p\u00e5 \u00e5 skifte ut ca 100 gamle ovner. P\u00e5 de nye ovnene ble det installert styringssystem som ble integrert med rombookingsystem. Resultatet ble at str\u00f8mforbruket sank fra ca 650.000kw\/t til noe over 400.000kw\/t. Den gang kostet str\u00f8mmen ca 1 kr inkludert fastavgifter og investeringene var nedbetalt p\u00e5 et dr\u00f8yt \u00e5r. N\u00e5 koster str\u00f8mmen det mangedobbelte og regnestykket vil se enda gunstigere ut.<\/p>\n\n\n\n<p>Har du en bedrift med cellekontorer og m\u00f8terom kan det ogs\u00e5 v\u00e6re mye \u00e5 spare.  Mange dager eller perioder av dager st\u00e5r kontorer og m\u00f8terom ledige. Det kan enten v\u00e6re fordi den ansatte er ute p\u00e5 kundebes\u00f8k eller kanskje det rett og slett er 1.juledag? Vi kan integrere oppvarmingen av dine lokaler med kalendersystemet som gjerne er basert p\u00e5 Exchange eller Office 365. P\u00e5 den m\u00e5ten slippes temperatuen ned mot sparetemp n\u00e5r den ansatte ikke sitter p\u00e5 kontoret eller n\u00e5r m\u00f8terommet er ledig. Sparepotensialet er enormt!<\/p>\n\n\n\n<p>V\u00e5rt varmestyringssystem kan ogs\u00e5 benyttes uten integrasjon mot booking eller kalendersystem. Uansett integrasjon eller ikke f\u00e5r du et dashbord som gir full oversikt over status p\u00e5 lokalene. I dashbordet kan du legge inn planer for lang tid fremover. Du kan styre hele huset under ett, en og en etasje, en gruppe ovner eller kanskje bare en enkelt ovn. Systemet er i sin helhet nettbasert og krever ingen ekstra installasjoner lokalt. Styres fra PC, nettbrett eller smarttelefon.<\/p>\n\n\n\n<p>P\u00e5 toppen av det hele f\u00f8lger systemet v\u00e5rt med p\u00e5 str\u00f8mprisene i din sone til enhver tid. Om du \u00f8nsker varmer vi prim\u00e6rt opp rommene de timene i d\u00f8gnet da str\u00f8mmen koster minst!<\/p>\n\n\n\n<p>Normalt er det din egen elektriker som forest\u00e5r installasjonene og leverer ovner med tilbeh\u00f8r. V\u00e5r oppgave blir normalt \u00e5 gi r\u00e5d og tips underveis samt tilrettelegge for styringen. Har du ingen fast elektriker s\u00e5 har vi samarbeidspartnere som kan bist\u00e5 hos deg.<\/p>\n\n\n\n<p>L\u00f8sningene v\u00e5re fungerer med flere ulike oppvarmingsprodukter. Vi styrer gulvvarme, panelovner og varmepumper. Snakk med oss f\u00f8r du kj\u00f8per utstyr slik at vi kan veilede deg i retning av de optimale produktene for ditt behov.<\/p>\n\n\n\n<p>Ta kontakt med oss for en l\u00f8nnsom prat om str\u00f8mstyring. <\/p>\n","protected":false},"excerpt":{"rendered":"<p>Str\u00f8m er i ferd med \u00e5 bli den st\u00f8rste kostnaden for mange bedrifter. Til forskjell fra for eksempel l\u00f8nnskostnader er det p\u00e5 str\u00f8m, for veldig mange, mulig \u00e5 treffe enkle tiltak som sparer mye penger. Det snakkes mye om at det m\u00e5 produseres mer gr\u00f8nn energi. Like viktig er det imidlertid \u00e5 ikke sl\u00f8se med &hellip; <a href=\"https:\/\/elektron.no\/?page_id=38\" class=\"more-link\">Fortsett \u00e5 lese<span class=\"screen-reader-text\"> \u00abVarmestyring\u00bb<\/span><\/a><\/p>\n","protected":false},"author":7,"featured_media":0,"parent":0,"menu_order":0,"comment_status":"closed","ping_status":"closed","template":"","meta":{"footnotes":""},"class_list":["post-38","page","type-page","status-publish","hentry"],"_links":{"self":[{"href":"https:\/\/elektron.no\/index.php?rest_route=\/wp\/v2\/pages\/38","targetHints":{"allow":["GET"]}}],"collection":[{"href":"https:\/\/elektron.no\/index.php?rest_route=\/wp\/v2\/pages"}],"about":[{"href":"https:\/\/elektron.no\/index.php?rest_route=\/wp\/v2\/types\/page"}],"author":[{"embeddable":true,"href":"https:\/\/elektron.no\/index.php?rest_route=\/wp\/v2\/users\/7"}],"replies":[{"embeddable":true,"href":"https:\/\/elektron.no\/index.php?rest_route=%2Fwp%2Fv2%2Fcomments&post=38"}],"version-history":[{"count":5,"href":"https:\/\/elektron.no\/index.php?rest_route=\/wp\/v2\/pages\/38\/revisions"}],"predecessor-version":[{"id":805,"href":"https:\/\/elektron.no\/index.php?rest_route=\/wp\/v2\/pages\/38\/revisions\/805"}],"wp:attachment":[{"href":"https:\/\/elektron.no\/index.php?rest_route=%2Fwp%2Fv2%2Fmedia&parent=38"}],"curies":[{"name":"wp","href":"https:\/\/api.w.org\/{rel}","templated":true}]}}