{"id":64,"date":"2022-05-16T17:35:47","date_gmt":"2022-05-16T16:35:47","guid":{"rendered":"https:\/\/elektron.no\/?page_id=64"},"modified":"2022-05-16T18:09:22","modified_gmt":"2022-05-16T17:09:22","slug":"64-2","status":"publish","type":"page","link":"https:\/\/elektron.no\/?page_id=64","title":{"rendered":"En\u00f8k"},"content":{"rendered":"\n<p>Vi har alle et ansvar for milj\u00f8et og alle kan bidra. Allerede om du er god til \u00e5 skru av lyset i rom du ikke bruker og ikke sl\u00f8ser med varmtvannet s\u00e5 gj\u00f8r du en forskjell! Vi kan selvf\u00f8lgelig bygge tusenvis av vindm\u00f8ller til havs men det er nesten enda viktigere at vi bruker den str\u00f8mmen vi allerede har fornuftig.<\/p>\n\n\n\n<p>Elektron har lenge v\u00e6rt opptatt av energisparing. Vi kan hjelpe din bedrift eller deg privat med varmestyring. I boligen din kan dette v\u00e6re en del av en <a href=\"https:\/\/elektron.no\/?page_id=34\">smarthusl\u00f8sning<\/a> mens i bedriften er det kanskje snakk om \u00e5 integrere <a href=\"https:\/\/elektron.no\/?page_id=38\">varmestyringen<\/a> med booking- eller kalendersystem.<\/p>\n\n\n\n<p>Solen er en utrolig viktig energikilde. Noen setter opp solcellepaneler for \u00e5 produsere str\u00f8m. Et alteranativ til solcellepanel er solfanger eller <a href=\"https:\/\/elektron.no\/?page_id=23\" data-type=\"URL\" data-id=\"https:\/\/elektron.no\/?page_id=23\">solventilator<\/a> som det ogs\u00e5 kalles. Solventilatoren drives av solen og produserer varm og t\u00f8rrere luft som bl\u00e5ses inn i boligen. Effektiviteten p\u00e5 slike systemer er veldig h\u00f8y fordi det er f\u00e5 ledd med energitap involvert. Du kan spare mange tusen kroner i str\u00f8m hvert \u00e5r med solfanger. Som en bonus oppn\u00e5r du betydelig bedre inneklima.<\/p>\n\r\n","protected":false},"excerpt":{"rendered":"<p>Vi har alle et ansvar for milj\u00f8et og alle kan bidra. Allerede om du er god til \u00e5 skru av lyset i rom du ikke bruker og ikke sl\u00f8ser med varmtvannet s\u00e5 gj\u00f8r du en forskjell! Vi kan selvf\u00f8lgelig bygge tusenvis av vindm\u00f8ller til havs men det er nesten enda viktigere at vi bruker den &hellip; <a href=\"https:\/\/elektron.no\/?page_id=64\" class=\"more-link\">Fortsett \u00e5 lese<span class=\"screen-reader-text\"> \u00abEn\u00f8k\u00bb<\/span><\/a><\/p>\n","protected":false},"author":7,"featured_media":0,"parent":0,"menu_order":0,"comment_status":"closed","ping_status":"closed","template":"","meta":{"footnotes":""},"class_list":["post-64","page","type-page","status-publish","hentry"],"_links":{"self":[{"href":"https:\/\/elektron.no\/index.php?rest_route=\/wp\/v2\/pages\/64","targetHints":{"allow":["GET"]}}],"collection":[{"href":"https:\/\/elektron.no\/index.php?rest_route=\/wp\/v2\/pages"}],"about":[{"href":"https:\/\/elektron.no\/index.php?rest_route=\/wp\/v2\/types\/page"}],"author":[{"embeddable":true,"href":"https:\/\/elektron.no\/index.php?rest_route=\/wp\/v2\/users\/7"}],"replies":[{"embeddable":true,"href":"https:\/\/elektron.no\/index.php?rest_route=%2Fwp%2Fv2%2Fcomments&post=64"}],"version-history":[{"count":9,"href":"https:\/\/elektron.no\/index.php?rest_route=\/wp\/v2\/pages\/64\/revisions"}],"predecessor-version":[{"id":803,"href":"https:\/\/elektron.no\/index.php?rest_route=\/wp\/v2\/pages\/64\/revisions\/803"}],"wp:attachment":[{"href":"https:\/\/elektron.no\/index.php?rest_route=%2Fwp%2Fv2%2Fmedia&parent=64"}],"curies":[{"name":"wp","href":"https:\/\/api.w.org\/{rel}","templated":true}]}}