{"id":660,"date":"2023-10-02T09:04:06","date_gmt":"2023-10-02T08:04:06","guid":{"rendered":"https:\/\/elektron.no\/?post_type=product&#038;p=660"},"modified":"2023-10-02T09:04:06","modified_gmt":"2023-10-02T08:04:06","slug":"usb-skjotekabel-m-bordstativ","status":"publish","type":"product","link":"https:\/\/elektron.no\/?product=usb-skjotekabel-m-bordstativ","title":{"rendered":"USB skj\u00f8tekabel m\/bordstativ"},"content":{"rendered":"<p>Denne er fin om du f.eks \u00f8nsker \u00e5 ha en USM minnepenn eller en tr\u00e5dl\u00f8s adapter for tastatur st\u00e5ende p\u00e5 pulten. Plugg tupe A, han i ene enden hun i andre enden.<\/p>\n","protected":false},"excerpt":{"rendered":"<p>USB skj\u00f8tekabel bordmodell<\/p>\n","protected":false},"featured_media":653,"template":"","meta":[],"product_brand":[],"product_cat":[45,44],"product_tag":[],"class_list":{"0":"post-660","1":"product","2":"type-product","3":"status-publish","4":"has-post-thumbnail","6":"product_cat-kabler","7":"product_cat-usb-kabler","9":"first","10":"instock","11":"taxable","12":"shipping-taxable","13":"purchasable","14":"product-type-simple"},"_links":{"self":[{"href":"https:\/\/elektron.no\/index.php?rest_route=\/wp\/v2\/product\/660","targetHints":{"allow":["GET"]}}],"collection":[{"href":"https:\/\/elektron.no\/index.php?rest_route=\/wp\/v2\/product"}],"about":[{"href":"https:\/\/elektron.no\/index.php?rest_route=\/wp\/v2\/types\/product"}],"wp:featuredmedia":[{"embeddable":true,"href":"https:\/\/elektron.no\/index.php?rest_route=\/wp\/v2\/media\/653"}],"wp:attachment":[{"href":"https:\/\/elektron.no\/index.php?rest_route=%2Fwp%2Fv2%2Fmedia&parent=660"}],"wp:term":[{"taxonomy":"product_brand","embeddable":true,"href":"https:\/\/elektron.no\/index.php?rest_route=%2Fwp%2Fv2%2Fproduct_brand&post=660"},{"taxonomy":"product_cat","embeddable":true,"href":"https:\/\/elektron.no\/index.php?rest_route=%2Fwp%2Fv2%2Fproduct_cat&post=660"},{"taxonomy":"product_tag","embeddable":true,"href":"https:\/\/elektron.no\/index.php?rest_route=%2Fwp%2Fv2%2Fproduct_tag&post=660"}],"curies":[{"name":"wp","href":"https:\/\/api.w.org\/{rel}","templated":true}]}}