{"id":695,"date":"2023-10-04T09:06:20","date_gmt":"2023-10-04T08:06:20","guid":{"rendered":"https:\/\/elektron.no\/?post_type=product&#038;p=695"},"modified":"2023-10-04T09:09:44","modified_gmt":"2023-10-04T08:09:44","slug":"mediaconverter-fiber-1-trads-sort","status":"publish","type":"product","link":"https:\/\/elektron.no\/?product=mediaconverter-fiber-1-trads-sort","title":{"rendered":"Mediaconverter fiber 1-tr\u00e5ds sort"},"content":{"rendered":"<p>Bridge media converter. 10\/100Base ethternet &#8211; 100Base fiber singlemode (SM) Bidi (1 tr\u00e5d).\u00a0 \u00a0For \u00e5 sette opp et 1-tr\u00e5ds fibersamband mellom 2 punkter trenger en denne enheten samt tilsvarende i bl\u00e5 versjon. Utover dette beh\u00f8ver du enten fiberpatchekabel eller fiberkabel mellom enhetene. Fiber er for eksempel det eneste riktige dersom du skal ha en stabil og rask forbindelse mellom ulike bygninger. Dersom du har behov for hjelp med kabling tar vi slike oppdrag.<\/p>\n<p>Brukt utstyr. Bra for milj\u00f8et, godt for lommeboka!<\/p>\n","protected":false},"excerpt":{"rendered":"<p>Bidireksjonell fiberconverter sort type.<\/p>\n","protected":false},"featured_media":683,"template":"","meta":[],"product_brand":[],"product_cat":[61,41],"product_tag":[],"class_list":{"0":"post-695","1":"product","2":"type-product","3":"status-publish","4":"has-post-thumbnail","6":"product_cat-fiber","7":"product_cat-nettverk","9":"first","10":"instock","11":"taxable","12":"shipping-taxable","13":"purchasable","14":"product-type-simple"},"_links":{"self":[{"href":"https:\/\/elektron.no\/index.php?rest_route=\/wp\/v2\/product\/695","targetHints":{"allow":["GET"]}}],"collection":[{"href":"https:\/\/elektron.no\/index.php?rest_route=\/wp\/v2\/product"}],"about":[{"href":"https:\/\/elektron.no\/index.php?rest_route=\/wp\/v2\/types\/product"}],"wp:featuredmedia":[{"embeddable":true,"href":"https:\/\/elektron.no\/index.php?rest_route=\/wp\/v2\/media\/683"}],"wp:attachment":[{"href":"https:\/\/elektron.no\/index.php?rest_route=%2Fwp%2Fv2%2Fmedia&parent=695"}],"wp:term":[{"taxonomy":"product_brand","embeddable":true,"href":"https:\/\/elektron.no\/index.php?rest_route=%2Fwp%2Fv2%2Fproduct_brand&post=695"},{"taxonomy":"product_cat","embeddable":true,"href":"https:\/\/elektron.no\/index.php?rest_route=%2Fwp%2Fv2%2Fproduct_cat&post=695"},{"taxonomy":"product_tag","embeddable":true,"href":"https:\/\/elektron.no\/index.php?rest_route=%2Fwp%2Fv2%2Fproduct_tag&post=695"}],"curies":[{"name":"wp","href":"https:\/\/api.w.org\/{rel}","templated":true}]}}